{"id":50,"date":"2017-09-14T19:00:33","date_gmt":"2017-09-14T19:00:33","guid":{"rendered":"http:\/\/base1.dyndns-server.com:8091\/asemeh\/?page_id=50"},"modified":"2024-08-28T06:20:41","modified_gmt":"2024-08-28T06:20:41","slug":"afiliacion-profesional","status":"publish","type":"page","link":"https:\/\/asemeh.info\/?page_id=50","title":{"rendered":"Afiliaci\u00f3n Profesional"},"content":{"rendered":"\n<p>Desde su creaci\u00f3n ASEMEH siempre ha tenido la inquietud de ofrecer y aportar un valor a\u00f1adido en todos los campos posibles a todos los integrantes de esta nuestra asociaci\u00f3n, a los profesionales, actuales alumnos que ser\u00e1n futuros profesionales, y a todos los que se quieran integran con nosotros, con esta filosof\u00eda les enviamos para que conozcan unos productos aseguradores que han sido dise\u00f1ados espec\u00edficamente para el profesional, como usted.<\/p>\n\n\n\n<p>Le informamos a continuaci\u00f3n, sobre la propuesta de Seguros de Responsabilidad Civil Profesional y Defensa Jur\u00eddica para los profesionales Terapias Naturales y Alternativas, seguros que cuentan con grandes coberturas, con la supervisi\u00f3n y aprobaci\u00f3n de COFENAT (Federaci\u00f3n Espa\u00f1ola de Terapias Naturales y no convencionales), CTAC ( Confederaci\u00f3n de Trabajadores Aut\u00f3nomos de Catalu\u00f1a) y de TENACAT (Federaci\u00f3n de Asociaciones de Profesionales de Terapias Naturales de Catalu\u00f1a) para los profesionales con un perfil como el suyo, contemplando supuestos reales de hoy d\u00eda, y a un precio sin competencia. Les pedimos, desde ASEMEH que por favor, estudien esta informaci\u00f3n y se pongan en contacto con la entidad aseguradora, para cualquier informaci\u00f3n adicional o tramitaci\u00f3n de la cobertura ofertada.<\/p>\n\n\n\n<p><span style=\"text-decoration: underline;\"><strong>Sobre ASEMEH Asociaci\u00f3n Espa\u00f1ola de Medicina Hol\u00edstica<\/strong><\/span><\/p>\n\n\n\n<p>La Asociaci\u00f3n Espa\u00f1ola de Medicina Hol\u00edstica, \u00abASEMEH\u00bb es una Asociaci\u00f3n dotada de personalidad jur\u00eddica propia y plena capacidad de obrar, sometida al r\u00e9gimen jur\u00eddico de la Ley 191\/1964 de 24 de Diciembre de Asociaciones. Estatutos visados y aprobados por el Ministerio del Interior con el n\u00famero 96.655 seg\u00fan orden de 11.10.90 (B.O.E. de 13.10.90). Inscrita en el Censo de Entidades Jur\u00eddicas con el C.I. G29541661.<\/p>\n\n\n\n<p><span style=\"text-decoration: underline;\"><strong>FINES:<\/strong><\/span><\/p>\n\n\n\n<p><strong>Constituyen los fines esta Asociaci\u00f3n:<\/strong><\/p>\n\n\n\n<ol class=\"wp-block-list\">\n<li>Agrupar a las personas f\u00edsicas que son facultativos, t\u00e9cnicos y titulados en Medicina Naturista, Homeop\u00e1tica, Energ\u00e9tica, Alternativa, Hol\u00edstica, Biol\u00f3gica, Naturopat\u00eda, Acupuntura, Quiromasaje.<\/li>\n\n\n\n<li>Promover, fomentar, desarrollar, investigar, y divulgar las Medicinas y T\u00e9cnicas llamadas naturistas, biol\u00f3gicas, hol\u00edsticas, alternativas, homeop\u00e1ticas, ecol\u00f3gicas, naturop\u00e1ticas, quiropr\u00e1cticas y acupunturales.<\/li>\n\n\n\n<li>Desarrollar programas de estudios, investigaci\u00f3n, docencia, terap\u00e9utica, reuniones cient\u00edficas y fomentar la edici\u00f3n de publicaciones especializadas para un mejor conocimiento de la Medicina y T\u00e9cnicas Naturistas.<\/li>\n\n\n\n<li>La organizaci\u00f3n de investigaciones fundamentales orientadas hacia los distintos aspectos del conocimiento de la Medicina y T\u00e9cnicas Naturistas.<\/li>\n\n\n\n<li>Procurar la formaci\u00f3n de T\u00e9cnicos y Facultativos M\u00e9dicos interesados en el estudio de las T\u00e9cnicas y Medicinas Alternativas, adem\u00e1s de la colaboraci\u00f3n interdisciplinaria necesaria, defendiendo y respetando la libertad profesional de cada miembro o socio.<\/li>\n\n\n\n<li>Crear un fondo de material cient\u00edfico y cultural adecuado.<\/li>\n\n\n\n<li>Proveer al profesional parasanitario del seguro correspondiente a su actividad profesional.<\/li>\n<\/ol>\n\n\n\n<p><span style=\"text-decoration: underline;\"><strong>ORGANIZACI\u00d3N:<\/strong><\/span><\/p>\n\n\n\n<p>ASEMEH como Asociaci\u00f3n pueden solicitar su admisi\u00f3n todos los profesionales Parasanitarios, que estando en posesi\u00f3n del T\u00edtulo o Diploma correspondiente, acrediten sus estudios en las especialidades siguientes:<\/p>\n\n\n\n<ul class=\"wp-block-list\">\n<li>\u00a0\u00a0\u00a0 Acupuntura<\/li>\n\n\n\n<li>\u00a0\u00a0\u00a0 Naturopat\u00eda<\/li>\n\n\n\n<li>\u00a0\u00a0\u00a0 Homeopat\u00eda<\/li>\n\n\n\n<li>\u00a0\u00a0\u00a0 Quiropraxia y Osteopat\u00eda<\/li>\n\n\n\n<li>\u00a0\u00a0\u00a0 Quiromasaje Terap\u00e9utico<\/li>\n\n\n\n<li>\u00a0\u00a0\u00a0 Herbodiet\u00e9tica<\/li>\n\n\n\n<li>\u00a0\u00a0\u00a0 Diet\u00e9tica y Nutrici\u00f3n<\/li>\n\n\n\n<li>\u00a0\u00a0\u00a0 Iridolog\u00eda<\/li>\n\n\n\n<li>\u00a0\u00a0\u00a0 Sexolog\u00eda<\/li>\n\n\n\n<li>\u00a0\u00a0\u00a0 Kinesiolog\u00eda<\/li>\n\n\n\n<li>\u00a0\u00a0\u00a0 Hipnolog\u00eda<\/li>\n\n\n\n<li>\u00a0\u00a0\u00a0 Psicoterapias<\/li>\n\n\n\n<li>\u00a0\u00a0\u00a0 Etc.<\/li>\n<\/ul>\n\n\n\n<p><span style=\"text-decoration: underline;\"><strong>AFILIACI\u00d3N:<\/strong><\/span><\/p>\n\n\n\n<p>A tal efecto el interesado deber\u00e1 rellenar la <a title=\"Formulario de Afiliaci\u00f3n\" href=\"https:\/\/www.asemeh.info\/?page_id=48\">Solicitud de Afiliaci\u00f3n electr\u00f3nica<\/a> y remitir digitalizados los documentos solicitados mediante el formulario de afiliaci\u00f3n.<\/p>\n\n\n\n<p>C\/ Victoria M\u00e9rida y Piret, Local 5<br>29004 \u2013M\u00e1laga -Espa\u00f1a (U.E.)<\/p>\n\n\n\n<p>Los alumnos matriculados en los cursos ya disponen de una afiliaci\u00f3n a ASEMEH, por 1 a\u00f1o (no renovable autom\u00e1ticamente) y carn\u00e9 profesional.<\/p>\n\n\n\n<p>Si usted es un profesional parasanitario y desea afiliarse a ASEMEH (no es necesario matricularse en programas de formaci\u00f3n) debe remitir los siguientes documentos:<\/p>\n\n\n\n<p>Deber\u00e1 acompa\u00f1ar <a title=\"Solicitud de Afiliaci\u00f3n\" href=\"https:\/\/www.asemeh.info\/?page_id=48\">a la solicitud<\/a>:<\/p>\n\n\n\n<ul class=\"wp-block-list\">\n<li>\u00a0\u00a0\u00a0 Una fotograf\u00eda digital tama\u00f1o carn\u00e9.<\/li>\n\n\n\n<li>\u00a0\u00a0\u00a0 Una digitalizaci\u00f3n del D.N.I.<\/li>\n\n\n\n<li>\u00a0\u00a0\u00a0 Una digitalizaci\u00f3n por e-mail del T\u00edtulo o Diploma.<\/li>\n\n\n\n<li>\u00a0 \u00a0 Una digitalizaci\u00f3n del Carn\u00e9 Profesional de ASEMEH (para p\u00e9rdidas o renovaciones).<\/li>\n\n\n\n<li>\u00a0\u00a0\u00a0 Una digitalizaci\u00f3n de la Licencia Fiscal (si la hubiera).<\/li>\n\n\n\n<li>\u00a0\u00a0\u00a0 <strong>Importe de la cuota de admisi\u00f3n (Solo nuevas inscripciones. Los egresados de ASEMEH no pagan esta cuota):<\/strong> 20 UE\u20ac<\/li>\n\n\n\n<li>\u00a0\u00a0\u00a0 <strong>Importe de la cuota anual:<\/strong> 100 UE\u20ac<\/li>\n\n\n\n<li>\u00a0\u00a0\u00a0 Remita el comprobante del Ingreso bancario.<\/li>\n\n\n\n<li>\u00a0\u00a0\u00a0 Los gastos de env\u00edo est\u00e1n incluidos.<\/li>\n<\/ul>\n\n\n\n<p><span style=\"text-decoration: underline;\">ASEMEH a la recepci\u00f3n de la documentaci\u00f3n remitir\u00e1 al nuevo miembro:<\/span><\/p>\n\n\n\n<ul class=\"wp-block-list\">\n<li>\u00a0\u00a0\u00a0 Carn\u00e9 profesional.<\/li>\n\n\n\n<li>\u00a0\u00a0\u00a0 Diploma como miembro numerario en la especialidad correspondiente.<\/li>\n\n\n\n<li>\u00a0\u00a0\u00a0 Informaci\u00f3n de cursos, becas, ayudas y subvenciones.<\/li>\n\n\n\n<li>\u00a0\u00a0\u00a0 Informaci\u00f3n continuada de cualquier circunstancia que afecte al colectivo profesional.<\/li>\n\n\n\n<li>\u00a0\u00a0\u00a0 Consultor\u00eda sobre temas jur\u00eddicos, laborales y fiscales, atendida por personal especializado.<\/li>\n<\/ul>\n\n\n\n<p><span style=\"text-decoration: underline;\"><strong>Titular:<\/strong> Asociaci\u00f3n Espa\u00f1ola de Medicina Hol\u00edstica<\/span><\/p>\n\n\n\n<p><strong>Entidad Bancaria:<\/strong> BBVA\u00a0<\/p>\n\n\n\n<figure class=\"wp-block-table is-style-stripes\"><table class=\"has-contrast-color has-text-color has-link-color has-fixed-layout\"><thead><tr><th class=\"has-text-align-center\" data-align=\"center\">Banco<\/th><th class=\"has-text-align-center\" data-align=\"center\">Oficina<\/th><th class=\"has-text-align-center\" data-align=\"center\">D.C. (D\u00edgito de Control)<\/th><th class=\"has-text-align-center\" data-align=\"center\">N\u00famero de Cuenta<\/th><\/tr><\/thead><tbody><tr><td class=\"has-text-align-center\" data-align=\"center\"><strong>0182<\/strong><\/td><td class=\"has-text-align-center\" data-align=\"center\"><strong>3413<\/strong><\/td><td class=\"has-text-align-center\" data-align=\"center\"><strong>10<\/strong><\/td><td class=\"has-text-align-center\" data-align=\"center\"><strong>0201550853<\/strong><\/td><\/tr><\/tbody><\/table><\/figure>\n\n\n\n<p><span style=\"text-decoration: underline;\"><strong>IBAN:<\/strong> ES20 0182 3413 1002 0155 0853<br><strong>SWIFT:<\/strong> BBVAESMM<\/span><\/p>\n","protected":false},"excerpt":{"rendered":"<p>Desde su creaci\u00f3n ASEMEH siempre ha tenido la inquietud de ofrecer y aportar un valor a\u00f1adido en todos los campos posibles a todos los integrantes de esta nuestra asociaci\u00f3n, a los profesionales, actuales alumnos que ser\u00e1n futuros profesionales, y a todos los que se quieran integran con nosotros, con esta filosof\u00eda les enviamos para que &#8230; <a title=\"Afiliaci\u00f3n Profesional\" class=\"read-more\" href=\"https:\/\/asemeh.info\/?page_id=50\" aria-label=\"Leer m\u00e1s sobre Afiliaci\u00f3n Profesional\">Leer m\u00e1s<\/a><\/p>\n","protected":false},"author":1,"featured_media":0,"parent":0,"menu_order":0,"comment_status":"closed","ping_status":"closed","template":"","meta":{"footnotes":""},"class_list":["post-50","page","type-page","status-publish"],"_links":{"self":[{"href":"https:\/\/asemeh.info\/index.php?rest_route=\/wp\/v2\/pages\/50","targetHints":{"allow":["GET"]}}],"collection":[{"href":"https:\/\/asemeh.info\/index.php?rest_route=\/wp\/v2\/pages"}],"about":[{"href":"https:\/\/asemeh.info\/index.php?rest_route=\/wp\/v2\/types\/page"}],"author":[{"embeddable":true,"href":"https:\/\/asemeh.info\/index.php?rest_route=\/wp\/v2\/users\/1"}],"replies":[{"embeddable":true,"href":"https:\/\/asemeh.info\/index.php?rest_route=%2Fwp%2Fv2%2Fcomments&post=50"}],"version-history":[{"count":14,"href":"https:\/\/asemeh.info\/index.php?rest_route=\/wp\/v2\/pages\/50\/revisions"}],"predecessor-version":[{"id":782,"href":"https:\/\/asemeh.info\/index.php?rest_route=\/wp\/v2\/pages\/50\/revisions\/782"}],"wp:attachment":[{"href":"https:\/\/asemeh.info\/index.php?rest_route=%2Fwp%2Fv2%2Fmedia&parent=50"}],"curies":[{"name":"wp","href":"https:\/\/api.w.org\/{rel}","templated":true}]}}