{"id":510,"date":"2021-06-22T07:21:43","date_gmt":"2021-06-22T07:21:43","guid":{"rendered":"https:\/\/asemeh.info\/?page_id=510"},"modified":"2021-10-25T11:29:57","modified_gmt":"2021-10-25T11:29:57","slug":"sobre-asemeh","status":"publish","type":"page","link":"https:\/\/asemeh.info\/?page_id=510","title":{"rendered":"Sobre ASEMEH"},"content":{"rendered":"\n<p><strong>ASEMEH es una asociaci\u00f3n profesional, <\/strong>dotada de personalidad jur\u00eddica propia y plena capacidad de obrar, <strong>sometida al r\u00e9gimen jur\u00eddico de la ley 191\/1964 de 24 de diciembre de Asociaciones<\/strong>. <\/p>\n\n\n\n<p>Fue fundada, en el a\u00f1o 1990, y sus <strong>estatutos est\u00e1n visados y aprobados por el Ministerio del Interior<\/strong> con el <strong>n\u00famero 96.655 <\/strong>seg\u00fan <strong>orden de 11.10.90 (B.O.E.)  del 13.10.90. <\/strong><\/p>\n\n\n\n<p>Est\u00e1 <strong>inscrita en el Censo de Entidades Jur\u00eddicas<\/strong> con el <strong>C.I. F. G29541661<\/strong>, ASEMEH est\u00e1 incorporada como entidad-miembro de pleno derecho en el CUE Consorcio Universitario Euroamericano (University Euroamerican Consortium).<\/p>\n\n\n\n<p>En cumplimiento de la  Ley de Servicios de la Sociedad de la Informaci\u00f3n y Comercio Electr\u00f3nico (34\/2002 de 11 de julio), dispone de la siguiente informaci\u00f3n:<\/p>\n\n\n\n<p><strong>Nombre o denominaci\u00f3n social:<\/strong> ASEMEH, Asociaci\u00f3n Espa\u00f1ola de Medicina Hol\u00edstica<\/p>\n\n\n\n<p><strong>N\u00famero de Identificaci\u00f3n Fiscal:<\/strong> G29541661<\/p>\n\n\n\n<p><strong>Inscripci\u00f3n en el Registro Mercantil de M\u00e1laga:<\/strong> 96.655 <\/p>\n\n\n\n<p><strong>Direcci\u00f3n Postal:<\/strong> Calle Victoria M\u00e9rida y Piret, Blqu. n\u00ba 6  <strong>C\u00f3digo Postal: <\/strong>29004 &#8211; M\u00e1laga, Espa\u00f1a (EU) &#8211; Local Comercial n\u00ba 5 (Acceso por Calle Francisco Jimenez Lomas, n\u00ba 5 &#8211; <strong>C\u00f3digo Postal: <\/strong>29004 &#8211; M\u00e1laga, Espa\u00f1a (EU)<\/p>\n\n\n\n<p> <strong>Comunicaci\u00f3n por Correo Electr\u00f3nico:<\/strong> asemeh@asemeh.info<\/p>\n\n\n\n<p><strong>Comunicaci\u00f3n por Correo Web: <\/strong><a href=\"https:\/\/www.asemeh.info\/?page_id=89\">https:\/\/www.asemeh.info\/?page_id=89<\/a><\/p>\n\n\n\n<p><strong>Telefono:<\/strong> (+34) 952 307 915<\/p>\n\n\n\n<h2 class=\"wp-block-heading\"><strong>T\u00e9rminos y Condiciones<\/strong><\/h2>\n\n\n\n<p>A continuaci\u00f3n exponemos las pol\u00edticas de utilizaci\u00f3n de los servicios y recursos, utilizados para su actividad por ASEMEH que implica la aceptaci\u00f3n plena y sin reservas de todas y cada una de las disposiciones incluidas en este Aviso Legal, incluyendo, Contrataci\u00f3n de Acciones Formativas, Cancelaci\u00f3n de pedidos, Devoluci\u00f3n y reembolso, Seguridad Protecci\u00f3n a compradores, Env\u00edos, privacidad y protecci\u00f3n de datos.<\/p>\n\n\n\n<p>A continuaci\u00f3n exponemos las pol\u00edticas de utilizaci\u00f3n de los servicios y recursos, utilizados para su actividad por ASEMEH que implica la aceptaci\u00f3n plena y sin reservas de todas y cada una de las disposiciones incluidas en este Aviso Legal, incluyendo, Contrataci\u00f3n de Acciones Formativas, Cancelaci\u00f3n de pedidos, Devoluci\u00f3n y reembolso, Seguridad Protecci\u00f3n a compradores, Env\u00edos, privacidad y protecci\u00f3n de datos.<\/p>\n\n\n\n<p>ASEMEH, es el responsable del Sitio Web y se compromete a cumplir con todos los requisitos nacionales y europeos que regulan el uso de los datos personales de los usuarios.<\/p>\n\n\n\n<p>Este Sitio Web garantiza la protecci\u00f3n y confidencialidad de los datos personales que nos proporcionen de acuerdo con lo dispuesto en el Reglamento General de Protecci\u00f3n de Datos de Car\u00e1cter Personal (UE) 2016\/679 del Parlamento Europeo y del Consejo, de 27 de abril de 2016, en la Ley Org\u00e1nica 3\/2018, de Protecci\u00f3n de Datos Personales y garant\u00eda de los derechos digitales, as\u00ed como en la Ley de Servicios de la Sociedad de la Informaci\u00f3n y Comercio Electr\u00f3nico 34\/2002 de 11 de Julio (LSSI-CE).<\/p>\n\n\n\n<h2 class=\"wp-block-heading\"><strong>1.- OBJETO.<\/strong><\/h2>\n\n\n\n<p>El sitio web facilita a los usuarios del mismo el acceso a informaci\u00f3n y servicios prestados por acena a aquellas personas u organizaciones interesadas en los mismos.<\/p>\n\n\n\n<p>El acceso y la utilizaci\u00f3n del Sitio Web atribuye la condici\u00f3n de usuario del Sitio Web (en adelante, el \u201cUsuario\u201d) e implica la aceptaci\u00f3n de todas las condiciones incluidas en este Aviso Legal as\u00ed como de sus modificaciones. La prestaci\u00f3n del servicio del Sitio Web tiene una duraci\u00f3n limitada al momento en el que el Usuario se encuentre conectado al Sitio Web o a alguno de los servicios que a trav\u00e9s del mismo se facilitan. Por tanto, el Usuario debe leer atentamente el presente Aviso Legal en cada una de las ocasiones en que se proponga utilizar el Sitio Web, ya que \u00e9ste y sus condiciones de uso recogidas en el presente Aviso Legal pueden sufrir modificaciones.<\/p>\n\n\n\n<h2 class=\"wp-block-heading\"><strong>2.- ACCESO Y UTILIZACI\u00d3N DE LA WEB.<\/strong><\/h2>\n\n\n\n<p><strong>Car\u00e1cter gratuito del acceso y utilizaci\u00f3n de la web. <\/strong>El acceso a la web tiene car\u00e1cter gratuito para los usuarios de la misma, salvo en lo relativo al coste de la conexi\u00f3n a trav\u00e9s de la red de telecomunicaciones suministrada por el proveedor de acceso contratado por los usuarios.<\/p>\n\n\n\n<p><strong>Registro de usuarios. <\/strong>Con car\u00e1cter general el acceso y utilizaci\u00f3n de la web no exige la previa suscripci\u00f3n o registro de los usuarios de la misma. No obstante el registro de usuarios en los cursos, se realiza de forma interna, sin participaci\u00f3n del usuario, recibiendo este instrucciones y credenciales de acceso, directamente a su correo electr\u00f3nico. Finalizado el proceso de aprendizaje el sistema realiza la baja autom\u00e1ticamente del usuario, manteni\u00e9ndose los datos incorporados inicialmente, en nuestra de base de datos off line y libros de registro impresos..<\/p>\n\n\n\n<p><strong>Los usuarios garantizan y responden<\/strong>, en cualquier caso, de la exactitud, vigencia y autenticidad de los datos personales facilitados, y se comprometen a mantenerlos debidamente actualizados. El usuario acepta proporcionar informaci\u00f3n completa y correcta en el formulario de contacto o suscripci\u00f3n.<\/p>\n\n\n\n<p><strong>En ning\u00fan caso se recabar\u00e1n del menor de edad, <\/strong>datos relativos a la situaci\u00f3n profesional, econ\u00f3mica o a la intimidad de los otros miembros de la familia, sin el consentimiento de \u00e9stos. Si eres menor de trece a\u00f1os y has accedido a este sitio web sin avisar a tus padres no debes registrarte como usuario.<\/p>\n\n\n\n<p>En esta web se respetan y cuidan los datos personales de los usuarios. Como usuario debes saber que tus derechos est\u00e1n garantizados.<\/p>\n\n\n\n<h2 class=\"wp-block-heading\"><strong> 3.- CONTENIDOS DE LA WEB.<\/strong><\/h2>\n\n\n\n<p>El idioma utilizado por el titular en la web ser\u00e1 el castellano. acena no se responsabiliza de la no comprensi\u00f3n o entendimiento del idioma de la web por el usuario, ni de sus consecuencias.<br> acena podr\u00e1 modificar los contenidos sin previo aviso, as\u00ed como suprimir y cambiar \u00e9stos dentro de la web, como la forma en que se accede a \u00e9stos, sin justificaci\u00f3n alguna y libremente, no responsabiliz\u00e1ndose de las consecuencias que los mismos puedan ocasionar a los usuarios.<br><\/p>\n\n\n\n<p>Se proh\u00edbe el uso de los contenidos de la web para promocionar, contratar o divulgar publicidad o informaci\u00f3n propia o de terceras personas sin la autorizaci\u00f3n de acena, ni remitir publicidad o informaci\u00f3n vali\u00e9ndose para ello de los servicios o informaci\u00f3n que se ponen a disposici\u00f3n de los usuarios, independientemente de si la utilizaci\u00f3n es gratuita o no.<br> Los enlaces o hiperenlaces que incorporen terceros en sus p\u00e1ginas web, dirigidos a esta web, ser\u00e1n para la apertura de la p\u00e1gina web completa, no pudiendo manifestar, directa o indirectamente, indicaciones falsas, inexactas o confusas, ni incurrir en acciones desleales o il\u00edcitas en contra de ASEMEH.<\/p>\n\n\n\n<h2 class=\"wp-block-heading\"><strong>4.- MEDIDAS DE SEGURIDAD.<\/strong><\/h2>\n\n\n\n<p>Los datos personales comunicados por el usuario podr\u00e1n ser almacenados en bases de datos automatizadas o no, cuya titularidad corresponde en exclusiva a acena, asumiendo todas las medidas de \u00edndole t\u00e9cnica, organizativa y de seguridad que garanticen la confidencialidad, integridad y calidad de la informaci\u00f3n contenida en las mismas de acuerdo con lo establecido en las normativas vigentes en materia de protecci\u00f3n de datos de car\u00e1cter personal.<\/p>\n\n\n\n<h2 class=\"wp-block-heading\"><strong>5.- LIMITACI\u00d3N DE RESPONSABILIDAD.<\/strong><\/h2>\n\n\n\n<p>Tanto el acceso a la web como el uso no consentido que pueda efectuarse de la informaci\u00f3n contenida en la misma es de la exclusiva responsabilidad de quien lo realiza. ASEMEH no responder\u00e1 de ninguna consecuencia, da\u00f1o o perjuicio que pudieran derivarse de dicho acceso o uso. ASEMEH no se hace responsable de los errores de seguridad, que se puedan producir ni de los da\u00f1os que puedan causarse al sistema inform\u00e1tico del usuario (hardware y software), o a los ficheros o documentos almacenados en el mismo, como consecuencia de:<\/p>\n\n\n\n<p><strong>La presencia de un virus en el ordenador del usuario, <\/strong>que sea utilizado para la conexi\u00f3n a los servicios y contenidos de la web. Un mal funcionamiento del navegador. El uso de versiones no actualizadas del mismo.<\/p>\n\n\n\n<p> ASEMEH no se hace responsable de la fiabilidad y rapidez de los hiperenlaces que se incorporen en la web para la apertura de otras. Acena no garantiza la utilidad de estos enlaces, ni se responsabiliza de los contenidos o servicios a los que pueda acceder el usuario por medio de estos enlaces, ni del buen funcionamiento de estas webs.<\/p>\n\n\n\n<p> ASEMEH no ser\u00e1 responsable de los virus o dem\u00e1s programas inform\u00e1ticos que deterioren o puedan deteriorar los sistemas o equipos inform\u00e1ticos de los usuarios al acceder a su web u otras webs a las que se haya accedido mediante enlaces de esta web.<\/p>\n\n\n\n<h2 class=\"wp-block-heading\"><strong>6.- EMPLEO DE LA TECNOLOG\u00cdA \u00abCOOKIE\u00bb.<\/strong><\/h2>\n\n\n\n<p>El Sitio Web puede emplear cookies o tecnolog\u00edas similares que se regir\u00e1n por lo establecido en la <a href=\"https:\/\/asemeh.info\/?page_id=329\" target=\"_blank\" rel=\"noreferrer noopener\">Pol\u00edtica de Cookies<\/a>, accesible en todo momento y respetando la confidencialidad e intimidad del usuario, siendo parte integrante del presente Aviso Legal.<\/p>\n\n\n\n<h2 class=\"wp-block-heading\"><strong>7.- NAVEGACI\u00d3N.<\/strong><\/h2>\n\n\n\n<p><strong>Los servidores de Internet pueden recoger datos no identificables,<\/strong> que puedan incluir, direcciones IP, y otros datos que no pueden ser utilizados para identificar al usuario. Su direcci\u00f3n IP se almacenar\u00e1 en los logs de acceso de forma autom\u00e1tica y con la \u00fanica finalidad de permitir el tr\u00e1nsito por Internet, siendo necesario que su equipo facilite esta direcci\u00f3n IP cuando navega por Internet para que las comunicaciones puedan realizarse. As\u00ed mismo, la direcci\u00f3n IP podr\u00e1 ser utilizada para realizar estad\u00edsticas, de manera anonimizada, sobre el n\u00famero de visitantes de esta web y su procedencia, de forma totalmente transparente a su navegaci\u00f3n.<\/p>\n\n\n\n<h2 class=\"wp-block-heading\"><strong>8.- PROPIEDAD INTELECTUAL E INDUSTRIAL<\/strong><\/h2>\n\n\n\n<p>El usuario conoce y acepta que todos los contenidos y\/o cualesquiera otros elementos del sitio web son propiedad de acena, y se compromete a respetar los derechos de propiedad intelectual e industrial titularidad de acena. Cualquier uso de la web o sus contenidos deber\u00e1 tener un car\u00e1cter exclusivamente particular.<\/p>\n\n\n\n<p>Est\u00e1 reservado exclusivamente a acena, cualquier otro uso que suponga la copia, reproducci\u00f3n, distribuci\u00f3n, transformaci\u00f3n, comunicaci\u00f3n p\u00fablica o cualquier otra acci\u00f3n similar, de todo o parte de los contenidos de la web, por lo que ning\u00fan usuario podr\u00e1 llevar a cabo estas acciones sin la autorizaci\u00f3n previa y por escrito de  ASEMEH.<\/p>\n\n\n\n<h2 class=\"wp-block-heading\"><strong>9.- CANCELACI\u00d3N DE PEDIDOS<\/strong><\/h2>\n\n\n\n<p>La cancelaci\u00f3n de un pedido, est\u00e1 legislado antes de su env\u00edo o en el periodo de 14 d\u00edas naturales tras la recepci\u00f3n del material para efectuar la devoluci\u00f3n del mismo. En caso de efectuar el derecho de desistimiento antes de la recepci\u00f3n del material el plazo para la devoluci\u00f3n de 14 d\u00edas empezar\u00e1 a contar desde la fecha de matriculaci\u00f3n. <strong>Para efectuar el derecho de desistimiento, <\/strong>se han de cumplir los requisitos de acuerdo a lo establecido en la Ley 3\/2014, de 27 de marzo, por la que se modifica el Texto Refundido de la Ley General para la Defensa de los consumidores y usuarios y otras Leyes complementarias, aprobado por Real Decreto-Legislativo 1\/2007, de 16 de noviembre \u2013 EDL 2014\/35453 \u2013 y que adapta la legislaci\u00f3n espa\u00f1ola a lo dispuesto por la Directiva 2011\/83\/UE, de 25 de octubre, de derechos de los consumidores, que deroga las Directivas 85\/577\/CEE y 97\/7 -EDL 2011\/260927.<\/p>\n\n\n\n<p><strong>No siendo aplicable en alguno de los siguientes casos: <\/strong>se haya hecho <em><strong>uso del servicio de tutor\u00edas<\/strong><\/em>, <em><strong>acceso efectivo<\/strong><\/em> utilizando las credenciales <strong><em>a la plataforma virtual<\/em><\/strong>, o <strong><em>en las modalidades que contemplan env\u00edos postales, con partes impresas o multimedia, <\/em><\/strong>se hayan <strong><em>desprecintado los recursos digitales recibidos,<\/em><\/strong> e incluidos en el paquete.<\/p>\n\n\n\n<p><strong>Respecto a los productos acad\u00e9micos suministrados en formato electr\u00f3nico,<\/strong> <strong><em>pierde su derecho de desistimiento,<\/em><\/strong> seg\u00fan especifica el BOE n\u00fam. 287 de 30 de Noviembre de 2007 con vigencia desde 01 de Diciembre de 2007 y revisi\u00f3n vigente desde 16 de Junio de 2019, en su Art\u00edculo 103 que especifica: \u00ab<em><strong>el suministro de contenido digital que no se preste en un soporte material cuando la ejecuci\u00f3n haya comenzado con el previo consentimiento expreso del consumidor y usuario con el conocimiento por su parte, de que en consecuencia, pierde su derecho de desistimiento<\/strong><\/em>\u00bb.<\/p>\n\n\n\n<h2 class=\"wp-block-heading\"><strong>10.- DEVOLUCI\u00d3N Y REEMBOLSO<\/strong><\/h2>\n\n\n\n<p><strong>Para hacer efectiva la devoluci\u00f3n, <\/strong>se deber\u00e1 avisar dentro del plazo establecido por ley (14 d\u00edas naturales desde la recepci\u00f3n de los materiales) empleando el modelo que nuestro equipo le facilitar\u00e1 en el momento que exprese su deseo de ejercitar tal derecho. ASEMEH se compromete a reintegrar la totalidad de lo abonado por el alumno en los conceptos de matr\u00edcula, materiales y tr\u00e1mites administrativos sin demoras innecesarias y en un plazo de 30 d\u00edas desde la recepci\u00f3n del modelo de desistimiento y los materiales devueltos.<\/p>\n\n\n\n<p>En relaci\u00f3n con los gastos generados por la petici\u00f3n de devoluci\u00f3n del producto academico, y en base al el art\u00edculo 108.1 del Real Decreto1\/2007, de 16 de noviembre, por el que se aprueba el texto refundido de la Ley General para la Defensa de los Consumidores y Usuarios y otras leyes complementarias, el cual establece lo siguiente: \u201c<strong><em>El consumidor y usuario s\u00f3lo soportar\u00e1 los costes directos de la devoluci\u00f3n de los bienes, salvo si el empresario ha aceptado asumirlos o no le ha informado de que le corresponde asumir esos costes<\/em><\/strong>\u201d; Se establece que los costes derivados de las devoluciones, tanto del material, como transferencias bancarias o electr\u00f3nicas, correr\u00e1n a cargo del alumno.<\/p>\n\n\n\n<h2 class=\"wp-block-heading\"><strong>11.- SEGURIDAD Y PROTECCI\u00d3N AL COMPRADOR<\/strong><\/h2>\n\n\n\n<p>La contrataci\u00f3n de un producto academico, se realiza mediante los siguientes pasos:<\/p>\n\n\n\n<p><strong>Cualquier usuario puede acceder<\/strong> a la informaci\u00f3n y precios de cada acci\u00f3n formativa ofrecida en el Sitio Web sin necesidad de registro o facilitar sus datos. En todo caso ser\u00e1 aplicable lo dispuesto en el Aviso Legal emergente en el primer acceso al Sitio Web. <\/p>\n\n\n\n<p><strong>Antes de realizar una compra o pedido,<\/strong> el usuario puede preguntar cualquier duda al respecto de manera gratuita utilizando el formulario de informaci\u00f3n, contactando por tel\u00e9fono o e-mail indicados en la secci\u00f3n \u201cContacto\u201d del Sitio Web, aceptando previamente nuestra Pol\u00edtica de Privacidad. <\/p>\n\n\n\n<p><strong>Si se ha decidido por formalizar su matr\u00edcula directamente online, <\/strong>el Cliente debe cumplimentar el formulario con los datos marcados como obligatorios. Se ha de seleccionar la forma de pago e introducir los datos para el mismo seg\u00fan la forma elegida, as\u00ed como marcar la casilla, si as\u00ed lo desea, para el fraccionamiento del pago sin intereses. Para m\u00e1s informaci\u00f3n, consultar el apartado \u201cFormas de Pago\u201d de las presentes condiciones. <\/p>\n\n\n\n<p><strong>Para poder formalizar y finalizar el proceso de compra, <\/strong>el cliente deber\u00e1 marcar la casilla de \u201c<em>Acepto las Condiciones Generales<\/em>\u201d que enlazan al presente texto. Al marcar dicha casilla, el cliente declara expresamente haber le\u00eddo y comprendido todas las estipulaciones del contrato, acept\u00e1ndolas sin reservas. El contrato quedar\u00e1 formalizado en el momento de la recepci\u00f3n de la solicitud por parte del Centro. <\/p>\n\n\n\n<p><strong>Al finalizar el proceso,<\/strong> ASEMEH enviar\u00e1 acuse de recibo por correo electr\u00f3nico u otro medio de comunicaci\u00f3n electr\u00f3nica equivalente. Un t\u00e9cnico de formaci\u00f3n de ASEMEH, contactar\u00e1 con el Cliente v\u00eda correo electr\u00f3nico facilitado en la solcitud de admisi\u00f3n,  y, si no fuera posible, contactar\u00e1 por tel\u00e9fono, al objeto de confirmar todos los datos personales para la matr\u00edcula, la forma de pago y el env\u00edo de materiales si procede. <\/p>\n\n\n\n<p><strong>Durante todo el proceso de compra, <\/strong>el cliente podr\u00e1 resolver cualquier duda a trav\u00e9s de los datos de contacto que figuran en nuestro Sitio Web. <\/p>\n\n\n\n<p>El uso de estos canales para la tramitaci\u00f3n del pedido no supondr\u00e1 ning\u00fan coste adicional para el Cliente. <\/p>\n\n\n\n<h2 class=\"wp-block-heading\"><strong>12.- ENVIOS<\/strong><\/h2>\n\n\n\n<p><strong>Si la el producto acad\u00e9mico incluye materiales did\u00e1cticos en formato impreso o multimedia, <\/strong>se proceder\u00e1 a su env\u00edo, mediante empresa de mensajer\u00eda, en un plazo no superior a 7 d\u00edas h\u00e1biles para Europa y 15 d\u00edas para el resto del mundo, desde la confirmaci\u00f3n de los datos de acuerdo al apartado \u201cProceso de Compra\u201d de las presentes condiciones. El precio de los productos incluye IVA, transporte y entrega a domicilio. Para clientes el territorio nacional, residenes en Baleares, Ceuta, Melilla y Canarias, deber\u00e1n consultar previamente las condiciones de env\u00edo de materiales, pues se han experimentado variantes importantes que influeyn en la entrega, seg\u00fan localizaci\u00f3n de la residencia del destinatario. No obstante, nuestro objetivo es agilizar este procedimiento evitando esperas innecesarias.<\/p>\n\n\n\n<p><strong>Los env\u00edos se realizar\u00e1n a la direcci\u00f3n postal facilitada<\/strong> por el cliente en el proceso de matriculaci\u00f3n. El cliente ser\u00e1 responsable de la exactitud de los datos para la direcci\u00f3n de entrega. El horario de entrega que el cliente que elija (ma\u00f1anas o tardes) ser\u00e1 orientativo, no pudi\u00e9ndose garantizar que se produzca necesariamente en la opci\u00f3n de preferencia, aunque ASEMEH ofrecer\u00e1 al cliente una alternativa en caso de que no fuera posible entregarlo en las condiciones solicitadas. Ante cualquier demora en la entrega de env\u00edos, el cliente deber\u00e1 contactar con  ASEMEH  lo antes posible para que \u00e9ste pueda ofrecerle una soluci\u00f3n a la incidencia. <strong>Para notificar este tipo de incidencias<\/strong> el cliente deber\u00e1 utilizar cualquiera de las formas de contacto disponibles en las presentes condiciones.<\/p>\n\n\n\n<h2 class=\"wp-block-heading\"><strong>13.- PRIVACIDAD Y PROTECCI\u00d3N DE DATOS<\/strong><\/h2>\n\n\n\n<p>Cuando precisemos obtener informaci\u00f3n por su parte, siempre le solicitaremos que nos la proporcione voluntariamente de forma expresa. Los datos recabados a trav\u00e9s de los formularios de recogida de datos del sitio web u otras v\u00edas, ser\u00e1n debidamente tratados Seg\u00fan el REGLAMENTO (UE) 2016\/679 DEL PARLAMENTO EUROPEO Y DEL CONSEJO de 27 de abril de 2016 relativo a la protecci\u00f3n de las personas f\u00edsicas en lo que respecta al tratamiento de datos personales y a la libre circulaci\u00f3n de estos datos y por el que se deroga la Directiva 95\/46\/CE (Reglamento general de protecci\u00f3n de datos), del cual es responsable ASEMEH Asociaci\u00f3n Espa\u00f1ola de Medicina Hol\u00edstica (en adelante: ASEMEH). Esta entidad tratar\u00e1 los datos de forma confidencial y exclusivamente con la finalidad de ofrecer los servicios solicitados, con todas las garant\u00edas legales y de seguridad que impone la Ley y el Real Decreto 1720\/2007, de 21 de diciembre y la Ley 34\/2002, de 11 de julio, de Servicios de la Sociedad de la Informaci\u00f3n y de Comercio Electr\u00f3nico.<\/p>\n\n\n\n<p>ASEMEH no ceder\u00e1 ni compartir\u00e1 los datos con terceros sin su consentimiento expreso.<\/p>\n\n\n\n<p>El usuario podr\u00e1 revocar el consentimiento prestado adem\u00e1s ejercer los derechos de acceso, rectificaci\u00f3n, cancelaci\u00f3n, oposici\u00f3n, derecho al olvido, portabilidad y limitaci\u00f3n temporal dirigi\u00e9ndose a tal efecto al domicilio siguiente:  ASEMEH Asociaci\u00f3n Espa\u00f1ola de Medicina Hol\u00edstica , sito en CALLE FRANCISCO JIMENEZ LOMAS, 5 \u2013 29004 M\u00c1LAGA, o bien a trav\u00e9s de su Dpto. Administrativo, identific\u00e1ndose debidamente e indicando de forma expresa el concreto derecho que se quiere ejercer, a la direcci\u00f3n de correo electr\u00f3nico asemeh@asemeh.info.<\/p>\n\n\n\n<p>ASEMEH adopta las medidas t\u00e9cnicas y organizativas una realizada la Evaluaci\u00f3n de Riesgos requeridos por la citada Ley y dem\u00e1s normativa aplicable. No obstante, no puede garantizar la absoluta invulnerabilidad de los sistemas, por tanto, no asume ninguna responsabilidad por los da\u00f1os y perjuicios derivados de alteraciones que terceros puedan causar en los sistemas inform\u00e1ticos, documentos electr\u00f3nicos o ficheros del usuario.<\/p>\n\n\n\n<p>Si opta por abandonar nuestro sitio web a trav\u00e9s de enlaces a sitios web no pertenecientes a nuestra entidad, ASEMEH no se har\u00e1 responsable de las pol\u00edticas de privacidad de dichos sitios web ni de las cookies que \u00e9stos puedan almacenar en el ordenador del usuario.<\/p>\n\n\n\n<p>Nuestra pol\u00edtica con respecto al correo electr\u00f3nico, se centra en remitir \u00fanicamente comunicaciones que usted haya solicitado recibir.<\/p>\n\n\n\n<p>Si prefiere no recibir mensajes por correo electr\u00f3nico, le ofreceremos a trav\u00e9s de los mismos la posibilidad de ejercer su derecho de cancelaci\u00f3n y renuncia a la recepci\u00f3n de estos mensajes, en conformidad con lo dispuesto en el T\u00edtulo III, art\u00edculo 22 de la Ley 34\/2002, de Servicios para la Sociedad de la Informaci\u00f3n y de Comercio Electr\u00f3nico.<\/p>\n","protected":false},"excerpt":{"rendered":"<p>ASEMEH es una asociaci\u00f3n profesional, dotada de personalidad jur\u00eddica propia y plena capacidad de obrar, sometida al r\u00e9gimen jur\u00eddico de la ley 191\/1964 de 24 de diciembre de Asociaciones. Fue fundada, en el a\u00f1o 1990, y sus estatutos est\u00e1n visados y aprobados por el Ministerio del Interior con el n\u00famero 96.655 seg\u00fan orden de 11.10.90 &#8230; <a title=\"Sobre ASEMEH\" class=\"read-more\" href=\"https:\/\/asemeh.info\/?page_id=510\" aria-label=\"Leer m\u00e1s sobre Sobre ASEMEH\">Leer m\u00e1s<\/a><\/p>\n","protected":false},"author":1,"featured_media":511,"parent":0,"menu_order":0,"comment_status":"closed","ping_status":"closed","template":"","meta":{"footnotes":""},"class_list":["post-510","page","type-page","status-publish","has-post-thumbnail"],"_links":{"self":[{"href":"https:\/\/asemeh.info\/index.php?rest_route=\/wp\/v2\/pages\/510","targetHints":{"allow":["GET"]}}],"collection":[{"href":"https:\/\/asemeh.info\/index.php?rest_route=\/wp\/v2\/pages"}],"about":[{"href":"https:\/\/asemeh.info\/index.php?rest_route=\/wp\/v2\/types\/page"}],"author":[{"embeddable":true,"href":"https:\/\/asemeh.info\/index.php?rest_route=\/wp\/v2\/users\/1"}],"replies":[{"embeddable":true,"href":"https:\/\/asemeh.info\/index.php?rest_route=%2Fwp%2Fv2%2Fcomments&post=510"}],"version-history":[{"count":3,"href":"https:\/\/asemeh.info\/index.php?rest_route=\/wp\/v2\/pages\/510\/revisions"}],"predecessor-version":[{"id":582,"href":"https:\/\/asemeh.info\/index.php?rest_route=\/wp\/v2\/pages\/510\/revisions\/582"}],"wp:featuredmedia":[{"embeddable":true,"href":"https:\/\/asemeh.info\/index.php?rest_route=\/wp\/v2\/media\/511"}],"wp:attachment":[{"href":"https:\/\/asemeh.info\/index.php?rest_route=%2Fwp%2Fv2%2Fmedia&parent=510"}],"curies":[{"name":"wp","href":"https:\/\/api.w.org\/{rel}","templated":true}]}}