{"id":80,"date":"2017-09-14T19:36:17","date_gmt":"2017-09-14T19:36:17","guid":{"rendered":"http:\/\/base1.dyndns-server.com:8091\/asemeh\/?page_id=80"},"modified":"2024-07-28T09:12:50","modified_gmt":"2024-07-28T09:12:50","slug":"bienvenido-a-asemeh","status":"publish","type":"page","link":"https:\/\/asemeh.info\/","title":{"rendered":"Bienvenido a ASEMEH"},"content":{"rendered":"\n<p>La Asociaci\u00f3n Espa\u00f1ola de Medicina Hol\u00edstica (ASEMEH) re\u00fane a profesionales de diversas disciplinas de medicinas alternativas. Nuestro objetivo es fortalecer las reivindicaciones profesionales ante las administraciones p\u00fablicas, defendiendo las agresiones de otros colectivos y ofrecer un servicio de formaci\u00f3n continuada para los profesionales del \u00e1mbito de las T\u00e9cnicas Sanitarias Alternativas. <\/p>\n\n\n<form role=\"search\" method=\"get\" action=\"https:\/\/asemeh.info\/\" class=\"wp-block-search__button-inside wp-block-search__text-button aligncenter wp-block-search\"    ><label class=\"wp-block-search__label\" for=\"wp-block-search__input-1\" >Buscar Programas<\/label><div class=\"wp-block-search__inside-wrapper \"  style=\"width: 100%\"><input class=\"wp-block-search__input\" id=\"wp-block-search__input-1\" placeholder=\"\" value=\"\" type=\"search\" name=\"s\" required \/><button aria-label=\"Buscar\" class=\"wp-block-search__button wp-element-button\" type=\"submit\" >Buscar<\/button><\/div><\/form>\n\n\n<p>La creciente importancia de nuestro sector en la sociedad, ha generado tensiones con otros grupos que sienten amenazados sus privilegios de muchos a\u00f1os.<\/p>\n\n\n\n<p>Reconocemos que no todos los colectivos profesionales est\u00e1n satisfechos con la actividad de los \u00abNo Universitarios\u00bb en Espa\u00f1a. Sin embargo, exigimos respeto hacia el desarrollo profesional de nuestras terapias, ya que las denuncias por mala praxis son pr\u00e1cticamente nulas.<\/p>\n\n\n\n<p>En cuanto a la Formaci\u00f3n Continuada, un comit\u00e9 organizador coordina programas en diversas disciplinas. Nos hemos enfocado en ofrecer una excelente formaci\u00f3n en terapias hol\u00edsticas, con cursos que van desde \u2018Anatom\u00eda, Fisiolog\u00eda e Higiene\u2019 hasta \u2018Reflexolog\u00eda\u2019, y que se actualizan constantemente.<\/p>\n\n\n\n<h2 class=\"wp-block-heading\">Protecci\u00f3n de los Profesionales Parasanitarios<\/h2>\n\n\n\n<p>Otro aspecto crucial de nuestro trabajo es proteger los intereses de nuestros afiliados, los profesionales en t\u00e9cnicas parasanitarias. La oficializaci\u00f3n de ciertos estudios ha impactado nuestro ejercicio profesional, ignorando a los veteranos que han sostenido estas disciplinas durante a\u00f1os. Un ejemplo notable es la Osteopat\u00eda, considerada competencia directa de la fisioterapia, a pesar de su protocolo de actuaci\u00f3n independiente y no reconocido oficialmente por la medicina.<\/p>\n\n\n\n<p>Esta oficializaci\u00f3n deja desamparados a los profesionales que durante a\u00f1os han enfrentado cr\u00edticas e incluso burlas del colectivo oficial. Estos profesionales, reconocidos legalmente y profesionalmente, (y que pagan sus impuestos), quedan ahora sin voz y voto y por lo tanto marginados.<\/p>\n\n\n\n<h2 class=\"wp-block-heading\">El Desaf\u00edo de la Oficializaci\u00f3n<\/h2>\n\n\n\n<p>La oficializaci\u00f3n de profesiones que anteriormente se consideraban seudocient\u00edficas, sigue siendo controvertida. Los ministerios espa\u00f1oles implicados se han limitado a crear nuevos puestos de trabajo para colectivos oficiales, como los fisioterapeutas. Esto ha llevado a una sobreoferta de fisioterapeutas, mientras el profesional parasanitario es desplazado.<\/p>\n\n\n\n<p>La \u00fanica soluci\u00f3n propuesta ha sido oficializar los estudios de osteopat\u00eda, ignorando al colectivo oste\u00f3pata no fisioterapeuta que ha trabajado arduamente para popularizar esta t\u00e9cnica. Este problema ha sido llevado a Bruselas, donde ya est\u00e1n al tanto de la oficializaci\u00f3n de una t\u00e9cnica parasanitaria, dejando sin alternativas viables a los profesionales desplazados.<\/p>\n\n\n\n<p>ASEMEH es una asociaci\u00f3n con personalidad jur\u00eddica propia, plena capacidad de obrar y sometida a la Ley 191\/1964 de Asociaciones. Nuestros estatutos est\u00e1n aprobados por el Ministerio del Interior con el n\u00famero 96.655 seg\u00fan orden de 11.10.90 (B.O.E. de 13.10.90) e inscrita en el Censo de Entidades Jur\u00eddicas con el C.I. G29541661.<\/p>\n\n\n\n<p><a href=\"https:\/\/asemeh.info\/?page_id=50\">\u00a1La uni\u00f3n hace la fuerza, af\u00edliate!<\/a><\/p>\n","protected":false},"excerpt":{"rendered":"<p>La Asociaci\u00f3n Espa\u00f1ola de Medicina Hol\u00edstica (ASEMEH) re\u00fane a profesionales de diversas disciplinas de medicinas alternativas. Nuestro objetivo es fortalecer las reivindicaciones profesionales ante las administraciones p\u00fablicas, defendiendo las agresiones de otros colectivos y ofrecer un servicio de formaci\u00f3n continuada para los profesionales del \u00e1mbito de las T\u00e9cnicas Sanitarias Alternativas. La creciente importancia de nuestro &#8230; <a title=\"Bienvenido a ASEMEH\" class=\"read-more\" href=\"https:\/\/asemeh.info\/\" aria-label=\"Leer m\u00e1s sobre Bienvenido a ASEMEH\">Leer m\u00e1s<\/a><\/p>\n","protected":false},"author":1,"featured_media":748,"parent":0,"menu_order":0,"comment_status":"closed","ping_status":"closed","template":"","meta":{"footnotes":""},"class_list":["post-80","page","type-page","status-publish","has-post-thumbnail"],"_links":{"self":[{"href":"https:\/\/asemeh.info\/index.php?rest_route=\/wp\/v2\/pages\/80","targetHints":{"allow":["GET"]}}],"collection":[{"href":"https:\/\/asemeh.info\/index.php?rest_route=\/wp\/v2\/pages"}],"about":[{"href":"https:\/\/asemeh.info\/index.php?rest_route=\/wp\/v2\/types\/page"}],"author":[{"embeddable":true,"href":"https:\/\/asemeh.info\/index.php?rest_route=\/wp\/v2\/users\/1"}],"replies":[{"embeddable":true,"href":"https:\/\/asemeh.info\/index.php?rest_route=%2Fwp%2Fv2%2Fcomments&post=80"}],"version-history":[{"count":6,"href":"https:\/\/asemeh.info\/index.php?rest_route=\/wp\/v2\/pages\/80\/revisions"}],"predecessor-version":[{"id":772,"href":"https:\/\/asemeh.info\/index.php?rest_route=\/wp\/v2\/pages\/80\/revisions\/772"}],"wp:featuredmedia":[{"embeddable":true,"href":"https:\/\/asemeh.info\/index.php?rest_route=\/wp\/v2\/media\/748"}],"wp:attachment":[{"href":"https:\/\/asemeh.info\/index.php?rest_route=%2Fwp%2Fv2%2Fmedia&parent=80"}],"curies":[{"name":"wp","href":"https:\/\/api.w.org\/{rel}","templated":true}]}}